 
 {"id":1058,"date":"2019-03-19T10:54:03","date_gmt":"2019-03-19T10:54:03","guid":{"rendered":"http:\/\/straylight.cs.st-andrews.ac.uk\/sleat\/wordpress\/seall\/1121-2\/"},"modified":"2019-03-19T10:54:03","modified_gmt":"2019-03-19T10:54:03","slug":"1121-2","status":"publish","type":"page","link":"https:\/\/sleat.openvirtualworlds.org\/wordpress\/seall\/1121-2\/","title":{"rendered":"Fest-Noz &#8211; &#8216;Deskomp&#8217;"},"content":{"rendered":"<div class=\"wporg-box\"><h2>Fest-Noz - &#039;Deskomp&#039;<\/h2><img decoding=\"async\" src=\"https:\/\/sleat.openvirtualworlds.org\/omeka\/files\/original\/191\/1121\/SKMBT_C22018121016421.jpg\" \/>Skye's first Fest-Noz or dance evening from Brittany. A late session of music and dancing featuring the richness and vitality of the popular dance culture of Brittany. With Gael Billien, Breton song; Fr\u00e9d\u00e9rique Pinot, celtic harp; Chlo\u00e9e Grupallo, Clarinet; J\u00e9r\u00f4me Gofette, violin bass; Franck Le Brazidec, acoustic guitar. \"Pour exprimer la richesse et la vitalit\u00e9 de la culture populaire de Bretagne, Deskomp allie la pr\u00e9sence envo\u00fbtante des harpes celtiques, la force de la langue bretonne, la virtuosit\u00e9 de la fl\u00fbte traversi\u00e8re en bois et du violon, soutenues par la rythmique cisel\u00e9e de la guitare. Deskomp fait rayonner la joie des danses, suscite l\u2019\u00e9motion dramatique des gwerzio\u00f9, partage la simplicit\u00e9 sereine des m\u00e9lodies.\" They are joined by the local 'Cast Ewe' C\u00e8ilidh Band. Angus Murdoch and Iain Cameron Double ticket discount of \u00a32 with tonight's main concert ticket.<p><small>Date: 18\/07\/08<br\/><\/small><small>Start Time: 9.30 pm<br\/><\/small><small>Venue: Sabhal M\u00f2r Ostaig, An Talla Mh\u00f2r<br\/><\/small><small>Audience Numbers: 51<br\/><\/small><small>Type: Music World<br\/><\/small><\/p><\/div>\n","protected":false},"excerpt":{"rendered":"","protected":false},"author":1,"featured_media":0,"parent":0,"menu_order":0,"comment_status":"open","ping_status":"closed","template":"","meta":{"footnotes":""},"class_list":["post-1058","page","type-page","status-publish","hentry","entry"],"_links":{"self":[{"href":"https:\/\/sleat.openvirtualworlds.org\/wordpress\/seall\/wp-json\/wp\/v2\/pages\/1058","targetHints":{"allow":["GET"]}}],"collection":[{"href":"https:\/\/sleat.openvirtualworlds.org\/wordpress\/seall\/wp-json\/wp\/v2\/pages"}],"about":[{"href":"https:\/\/sleat.openvirtualworlds.org\/wordpress\/seall\/wp-json\/wp\/v2\/types\/page"}],"author":[{"embeddable":true,"href":"https:\/\/sleat.openvirtualworlds.org\/wordpress\/seall\/wp-json\/wp\/v2\/users\/1"}],"replies":[{"embeddable":true,"href":"https:\/\/sleat.openvirtualworlds.org\/wordpress\/seall\/wp-json\/wp\/v2\/comments?post=1058"}],"version-history":[{"count":0,"href":"https:\/\/sleat.openvirtualworlds.org\/wordpress\/seall\/wp-json\/wp\/v2\/pages\/1058\/revisions"}],"wp:attachment":[{"href":"https:\/\/sleat.openvirtualworlds.org\/wordpress\/seall\/wp-json\/wp\/v2\/media?parent=1058"}],"curies":[{"name":"wp","href":"https:\/\/api.w.org\/{rel}","templated":true}]}}