 
 {"id":114,"date":"2019-03-19T10:18:02","date_gmt":"2019-03-19T10:18:02","guid":{"rendered":"http:\/\/straylight.cs.st-andrews.ac.uk\/sleat\/wordpress\/seall\/715-2\/"},"modified":"2019-03-19T10:18:02","modified_gmt":"2019-03-19T10:18:02","slug":"715-2","status":"publish","type":"page","link":"https:\/\/sleat.openvirtualworlds.org\/wordpress\/seall\/715-2\/","title":{"rendered":"Outdoor Gaelic Service"},"content":{"rendered":"<div class=\"wporg-box\"><h2>Outdoor Gaelic Service<\/h2>The Pulpit rock next the ancient graveyard of Ashaig next to Breakish, is a fine setting for the short outdoor Gaelic Service led by Gaelic poet, Angus Peter Campbell. Like Gaelic Praise, this will happen whatever the weather. \n\nTha Leac Maol Ruibhe ann an Aiseag na \u00e0ite air leth airson seirbhis ghoirid Gh\u00e0idhlig leis a\u2019 bhard Ghaidhealach Aonghas Ph\u00e0draig Caimbeul ge be d\u00e8 se\u00f2rsa s\u00ecde bhios ann.<p><small>Date: 16\/07\/00<br\/><\/small><small>Start Time: 14:00:00<br\/><\/small><small>Venue: Ashaig, Pulpit Rock<br\/><\/small><small>Audience Numbers: 30<br\/><\/small><small>Type: Community<br\/><\/small><\/p><\/div>\n","protected":false},"excerpt":{"rendered":"","protected":false},"author":1,"featured_media":0,"parent":0,"menu_order":0,"comment_status":"open","ping_status":"closed","template":"","meta":{"footnotes":""},"class_list":["post-114","page","type-page","status-publish","hentry","entry"],"_links":{"self":[{"href":"https:\/\/sleat.openvirtualworlds.org\/wordpress\/seall\/wp-json\/wp\/v2\/pages\/114","targetHints":{"allow":["GET"]}}],"collection":[{"href":"https:\/\/sleat.openvirtualworlds.org\/wordpress\/seall\/wp-json\/wp\/v2\/pages"}],"about":[{"href":"https:\/\/sleat.openvirtualworlds.org\/wordpress\/seall\/wp-json\/wp\/v2\/types\/page"}],"author":[{"embeddable":true,"href":"https:\/\/sleat.openvirtualworlds.org\/wordpress\/seall\/wp-json\/wp\/v2\/users\/1"}],"replies":[{"embeddable":true,"href":"https:\/\/sleat.openvirtualworlds.org\/wordpress\/seall\/wp-json\/wp\/v2\/comments?post=114"}],"version-history":[{"count":0,"href":"https:\/\/sleat.openvirtualworlds.org\/wordpress\/seall\/wp-json\/wp\/v2\/pages\/114\/revisions"}],"wp:attachment":[{"href":"https:\/\/sleat.openvirtualworlds.org\/wordpress\/seall\/wp-json\/wp\/v2\/media?parent=114"}],"curies":[{"name":"wp","href":"https:\/\/api.w.org\/{rel}","templated":true}]}}