 
 {"id":1178,"date":"2019-03-19T10:58:41","date_gmt":"2019-03-19T10:58:41","guid":{"rendered":"http:\/\/straylight.cs.st-andrews.ac.uk\/sleat\/wordpress\/seall\/1128-2\/"},"modified":"2019-03-19T10:58:41","modified_gmt":"2019-03-19T10:58:41","slug":"1128-2","status":"publish","type":"page","link":"https:\/\/sleat.openvirtualworlds.org\/wordpress\/seall\/1128-2\/","title":{"rendered":"&#8216;Four poets and a cello&#8217;"},"content":{"rendered":"<div class=\"wporg-box\"><h2>&#039;Four poets and a cello&#039;<\/h2><img decoding=\"async\" src=\"https:\/\/sleat.openvirtualworlds.org\/omeka\/files\/original\/217\/1128\/SKMBT_C22018121016421.jpg\" \/>Music and poetry are inextricably intertwined in the Gaelic tradition. In the last decade, there has been an immense interest in modern Gaelic poetry and literature. Tonight\u2019s programme highlights the resurgence of Gaelic poetry and literature. Purser provides a musical accompaniment to the poetry of Sabhal M\u00f2r Ostaig's Writer-in-Residence, Maoilios Caimbeul. They are joined by Skye-based poets Meg Bateman and Aonghas P\u00e0draig Caimbeul. Purser also offers some of his own poems relating to Crofting and music. Aonghas P\u00e0draig Caimbeul is a Gaelic Poet who is currently translating 65 of his Gaelic poems into 65 languages from around the World, some of which he will present this evening. He appeared in the Gaelic feature film \u2018Seachd: The Inaccessible Pinnacle\u2019, in a role for which he was nominated for a Scottish BAFTA award. Meg Bateman is an outstanding poet and lecturer at SMO. There will be simultaneous translation provided from Gaelic to English during the evening.<p><small>Date: 14\/07\/08<br\/><\/small><small>Start Time: 17:00:00<br\/><\/small><small>Venue: Sabhal M\u00f2r Ostaig, TDC main hall<br\/><\/small><small>Audience Numbers: 31<br\/><\/small><small>Type: Talks and Literature<br\/><\/small><\/p><\/div>\n","protected":false},"excerpt":{"rendered":"","protected":false},"author":1,"featured_media":0,"parent":0,"menu_order":0,"comment_status":"open","ping_status":"closed","template":"","meta":{"footnotes":""},"class_list":["post-1178","page","type-page","status-publish","hentry","entry"],"_links":{"self":[{"href":"https:\/\/sleat.openvirtualworlds.org\/wordpress\/seall\/wp-json\/wp\/v2\/pages\/1178","targetHints":{"allow":["GET"]}}],"collection":[{"href":"https:\/\/sleat.openvirtualworlds.org\/wordpress\/seall\/wp-json\/wp\/v2\/pages"}],"about":[{"href":"https:\/\/sleat.openvirtualworlds.org\/wordpress\/seall\/wp-json\/wp\/v2\/types\/page"}],"author":[{"embeddable":true,"href":"https:\/\/sleat.openvirtualworlds.org\/wordpress\/seall\/wp-json\/wp\/v2\/users\/1"}],"replies":[{"embeddable":true,"href":"https:\/\/sleat.openvirtualworlds.org\/wordpress\/seall\/wp-json\/wp\/v2\/comments?post=1178"}],"version-history":[{"count":0,"href":"https:\/\/sleat.openvirtualworlds.org\/wordpress\/seall\/wp-json\/wp\/v2\/pages\/1178\/revisions"}],"wp:attachment":[{"href":"https:\/\/sleat.openvirtualworlds.org\/wordpress\/seall\/wp-json\/wp\/v2\/media?parent=1178"}],"curies":[{"name":"wp","href":"https:\/\/api.w.org\/{rel}","templated":true}]}}