 
 {"id":119,"date":"2019-03-19T10:18:13","date_gmt":"2019-03-19T10:18:13","guid":{"rendered":"http:\/\/straylight.cs.st-andrews.ac.uk\/sleat\/wordpress\/seall\/873-2\/"},"modified":"2019-03-19T10:18:13","modified_gmt":"2019-03-19T10:18:13","slug":"873-2","status":"publish","type":"page","link":"https:\/\/sleat.openvirtualworlds.org\/wordpress\/seall\/873-2\/","title":{"rendered":"Seirbheis Gh\u00e0idhlig a-muigh: Outdoor Gaelic Service"},"content":{"rendered":"<div class=\"wporg-box\"><h2>Seirbheis Gh\u00e0idhlig a-muigh: Outdoor Gaelic Service<\/h2>The Pulpit Rock next to the ancient graveyard at Ashaig is a fine setting for the short outdoor Gaelic Service, one of the regular and popular events of the F\u00e8is. Like Gaelic praise this will happen in any weather. \n\nTha Leac an Leabhair anna an Ashaig na \u00e0ite air leth airson seirbheis ghoirid Gh\u00e0idhlig, ge b' e d\u00e8 se\u00f2rsa side bhios ann.<p><small>Date: 17\/07\/05<br\/><\/small><small>Start Time: 2.30 pm<br\/><\/small><small>Venue: Ashaig Cemetery<br\/><\/small><small>Audience Numbers: 0<br\/><\/small><small>Type: Community<br\/><\/small><\/p><\/div>\n","protected":false},"excerpt":{"rendered":"","protected":false},"author":1,"featured_media":0,"parent":0,"menu_order":0,"comment_status":"open","ping_status":"closed","template":"","meta":{"footnotes":""},"class_list":["post-119","page","type-page","status-publish","hentry","entry"],"_links":{"self":[{"href":"https:\/\/sleat.openvirtualworlds.org\/wordpress\/seall\/wp-json\/wp\/v2\/pages\/119","targetHints":{"allow":["GET"]}}],"collection":[{"href":"https:\/\/sleat.openvirtualworlds.org\/wordpress\/seall\/wp-json\/wp\/v2\/pages"}],"about":[{"href":"https:\/\/sleat.openvirtualworlds.org\/wordpress\/seall\/wp-json\/wp\/v2\/types\/page"}],"author":[{"embeddable":true,"href":"https:\/\/sleat.openvirtualworlds.org\/wordpress\/seall\/wp-json\/wp\/v2\/users\/1"}],"replies":[{"embeddable":true,"href":"https:\/\/sleat.openvirtualworlds.org\/wordpress\/seall\/wp-json\/wp\/v2\/comments?post=119"}],"version-history":[{"count":0,"href":"https:\/\/sleat.openvirtualworlds.org\/wordpress\/seall\/wp-json\/wp\/v2\/pages\/119\/revisions"}],"wp:attachment":[{"href":"https:\/\/sleat.openvirtualworlds.org\/wordpress\/seall\/wp-json\/wp\/v2\/media?parent=119"}],"curies":[{"name":"wp","href":"https:\/\/api.w.org\/{rel}","templated":true}]}}