 
 {"id":1191,"date":"2019-03-19T10:59:11","date_gmt":"2019-03-19T10:59:11","guid":{"rendered":"http:\/\/straylight.cs.st-andrews.ac.uk\/sleat\/wordpress\/seall\/728-2\/"},"modified":"2019-03-19T10:59:11","modified_gmt":"2019-03-19T10:59:11","slug":"728-2","status":"publish","type":"page","link":"https:\/\/sleat.openvirtualworlds.org\/wordpress\/seall\/728-2\/","title":{"rendered":"&#8216;Tobar an Dualchais &#8211; Kist o&#8217; Riches&#8217;"},"content":{"rendered":"<div class=\"wporg-box\"><h2>&#039;Tobar an Dualchais - Kist o&#039; Riches&#039;<\/h2>Dr Martin MacIntyre Talks and Literature about the exciting four year project to preserve and make available around 18,000 hours of Gaelic and Scots sound recordings through modern technology.\n\n'S e moladh airson pr\u00f2seict \u00f9ir inntinnich a th'ann an Tobar an Dualchais. Tha d\u00f9il gu mair e ceithir bliadhna agus 's e an t-amas aige mu 18,000 uair a th\u00ecde de chl\u00e0ir-fhuaim an G\u00e0idhlig is an Albais a dh\u00econ, agus a sgaoileadh tro theicnneolas an latha an-diugh.<p><small>Date: 19\/07\/00<br\/><\/small><small>Start Time: 6.30 pm<br\/><\/small><small>Venue: Sabhal M\u00f2r Ostaig, TDC main hall<br\/><\/small><small>Audience Numbers: 12<br\/><\/small><small>Type: Talks and Literature<br\/><\/small><\/p><\/div>\n","protected":false},"excerpt":{"rendered":"","protected":false},"author":1,"featured_media":0,"parent":0,"menu_order":0,"comment_status":"open","ping_status":"closed","template":"","meta":{"footnotes":""},"class_list":["post-1191","page","type-page","status-publish","hentry","entry"],"_links":{"self":[{"href":"https:\/\/sleat.openvirtualworlds.org\/wordpress\/seall\/wp-json\/wp\/v2\/pages\/1191","targetHints":{"allow":["GET"]}}],"collection":[{"href":"https:\/\/sleat.openvirtualworlds.org\/wordpress\/seall\/wp-json\/wp\/v2\/pages"}],"about":[{"href":"https:\/\/sleat.openvirtualworlds.org\/wordpress\/seall\/wp-json\/wp\/v2\/types\/page"}],"author":[{"embeddable":true,"href":"https:\/\/sleat.openvirtualworlds.org\/wordpress\/seall\/wp-json\/wp\/v2\/users\/1"}],"replies":[{"embeddable":true,"href":"https:\/\/sleat.openvirtualworlds.org\/wordpress\/seall\/wp-json\/wp\/v2\/comments?post=1191"}],"version-history":[{"count":0,"href":"https:\/\/sleat.openvirtualworlds.org\/wordpress\/seall\/wp-json\/wp\/v2\/pages\/1191\/revisions"}],"wp:attachment":[{"href":"https:\/\/sleat.openvirtualworlds.org\/wordpress\/seall\/wp-json\/wp\/v2\/media?parent=1191"}],"curies":[{"name":"wp","href":"https:\/\/api.w.org\/{rel}","templated":true}]}}