 
 {"id":1223,"date":"2019-03-19T11:00:25","date_gmt":"2019-03-19T11:00:25","guid":{"rendered":"http:\/\/straylight.cs.st-andrews.ac.uk\/sleat\/wordpress\/seall\/1397-2\/"},"modified":"2019-03-19T11:00:25","modified_gmt":"2019-03-19T11:00:25","slug":"1397-2","status":"publish","type":"page","link":"https:\/\/sleat.openvirtualworlds.org\/wordpress\/seall\/1397-2\/","title":{"rendered":"Blas Festival &#8211; &#8216;Cuairt Nam Bard&#8217;"},"content":{"rendered":"<div class=\"wporg-box\"><h2>Blas Festival - &#039;Cuairt Nam Bard&#039;<\/h2><img decoding=\"async\" src=\"https:\/\/sleat.openvirtualworlds.org\/omeka\/files\/original\/188\/1397\/SKMBT_C22018121018032.jpg\" \/>B\u00e0rdachd, c\u00e8ol is \u00f2ran a Eirinn agus Alba A gathering of Irish and Scottish musicians and poets including Proinsias Mac a\u2019 Bh\u00e0ird and P\u00e1draic Keane from County Galway, the singer Eithne N\u00ed Chath\u00e1in and storyteller Ceait\u00ec N\u00ed Bheildi\u00fain with Scottish guest musicians. + Crisdean Macdonald, Rody Gorman Enjoy a pre-concert meal, and book on 01471 844774.<p><small>Date: 12\/09\/13<br\/><\/small><small>Start Time: 7.30 pm<br\/><\/small><small>Venue: Armadale, The Stables Restaurant<br\/><\/small><small>Audience Numbers: 35<br\/><\/small><small>Type: Talks and Literature<br\/><\/small><\/p><\/div>\n","protected":false},"excerpt":{"rendered":"","protected":false},"author":1,"featured_media":0,"parent":0,"menu_order":0,"comment_status":"open","ping_status":"closed","template":"","meta":{"footnotes":""},"class_list":["post-1223","page","type-page","status-publish","hentry","entry"],"_links":{"self":[{"href":"https:\/\/sleat.openvirtualworlds.org\/wordpress\/seall\/wp-json\/wp\/v2\/pages\/1223","targetHints":{"allow":["GET"]}}],"collection":[{"href":"https:\/\/sleat.openvirtualworlds.org\/wordpress\/seall\/wp-json\/wp\/v2\/pages"}],"about":[{"href":"https:\/\/sleat.openvirtualworlds.org\/wordpress\/seall\/wp-json\/wp\/v2\/types\/page"}],"author":[{"embeddable":true,"href":"https:\/\/sleat.openvirtualworlds.org\/wordpress\/seall\/wp-json\/wp\/v2\/users\/1"}],"replies":[{"embeddable":true,"href":"https:\/\/sleat.openvirtualworlds.org\/wordpress\/seall\/wp-json\/wp\/v2\/comments?post=1223"}],"version-history":[{"count":0,"href":"https:\/\/sleat.openvirtualworlds.org\/wordpress\/seall\/wp-json\/wp\/v2\/pages\/1223\/revisions"}],"wp:attachment":[{"href":"https:\/\/sleat.openvirtualworlds.org\/wordpress\/seall\/wp-json\/wp\/v2\/media?parent=1223"}],"curies":[{"name":"wp","href":"https:\/\/api.w.org\/{rel}","templated":true}]}}