 
 {"id":1224,"date":"2019-03-19T11:00:27","date_gmt":"2019-03-19T11:00:27","guid":{"rendered":"http:\/\/straylight.cs.st-andrews.ac.uk\/sleat\/wordpress\/seall\/1328-2\/"},"modified":"2019-03-19T11:00:27","modified_gmt":"2019-03-19T11:00:27","slug":"1328-2","status":"publish","type":"page","link":"https:\/\/sleat.openvirtualworlds.org\/wordpress\/seall\/1328-2\/","title":{"rendered":"Blas Festival &#8211; &#8216;Water from the Well&#8217; ~ &#8216;Blasad bhon Tobar&#8217;"},"content":{"rendered":"<div class=\"wporg-box\"><h2>Blas Festival - &#039;Water from the Well&#039; ~ &#039;Blasad bhon Tobar&#039;<\/h2><img decoding=\"async\" src=\"https:\/\/sleat.openvirtualworlds.org\/omeka\/files\/original\/217\/1328\/SKMBT_C22018121018031.jpg\" \/>A celebration of the priceless archival material collated by the \u2018Tobar an Dualchais\u2019 or \u2018Kist o Riches\u2019 project. Gaelic singers Margaret Stewart and Gillebr\u00ecde MacMillan and accomplished Scots musician Steve Byrne all worked as song specialists on Tobar an Dualchais. They will be joined by acclaimed Skye singer Anne Martin and by award-winning piper Decker Forrest. Tha Blasad bhon Tobar\/Water from the Well a\u2019 comharrachadh nan cl\u00e0ran phr\u00ecseil a gheibhear air l\u00e0rach-l\u00ecn Tobar an Dualchais www.tobarandualchais.co.uk Bha na seinneadairean ainmeil Maighread Sti\u00f9bhart agus Gillebr\u00ecde MacIllemhaoil agus an neach-ci\u00f9il sgileil Steve Byrne uile ag obair mar e\u00f2laichean-\u00f2rain air a\u2019 phr\u00f2iseact. C\u00f2mhla riutha bidh an seinneadair cli\u00f9iteach Anna Mh\u00e0rtainn \u00e0s an Eilean Sgitheanach agus s\u00e0r-ph\u00ecobaire Decker Forrest. And launching, for the first time, both a Gaelic and Scots version of a Tintin comic. \u2018An t-Eilean Dubh\u2019 was translated by Gillebr\u00ecde MacIllemhaoil.<p><small>Date: 07\/09\/13<br\/><\/small><small>Start Time: 7.30 pm<br\/><\/small><small>Venue: Sabhal M\u00f2r Ostaig, TDC main hall<br\/><\/small><small>Audience Numbers: 42<br\/><\/small><small>Type: Talks and Literature<br\/><\/small><\/p><\/div>\n","protected":false},"excerpt":{"rendered":"","protected":false},"author":1,"featured_media":0,"parent":0,"menu_order":0,"comment_status":"open","ping_status":"closed","template":"","meta":{"footnotes":""},"class_list":["post-1224","page","type-page","status-publish","hentry","entry"],"_links":{"self":[{"href":"https:\/\/sleat.openvirtualworlds.org\/wordpress\/seall\/wp-json\/wp\/v2\/pages\/1224","targetHints":{"allow":["GET"]}}],"collection":[{"href":"https:\/\/sleat.openvirtualworlds.org\/wordpress\/seall\/wp-json\/wp\/v2\/pages"}],"about":[{"href":"https:\/\/sleat.openvirtualworlds.org\/wordpress\/seall\/wp-json\/wp\/v2\/types\/page"}],"author":[{"embeddable":true,"href":"https:\/\/sleat.openvirtualworlds.org\/wordpress\/seall\/wp-json\/wp\/v2\/users\/1"}],"replies":[{"embeddable":true,"href":"https:\/\/sleat.openvirtualworlds.org\/wordpress\/seall\/wp-json\/wp\/v2\/comments?post=1224"}],"version-history":[{"count":0,"href":"https:\/\/sleat.openvirtualworlds.org\/wordpress\/seall\/wp-json\/wp\/v2\/pages\/1224\/revisions"}],"wp:attachment":[{"href":"https:\/\/sleat.openvirtualworlds.org\/wordpress\/seall\/wp-json\/wp\/v2\/media?parent=1224"}],"curies":[{"name":"wp","href":"https:\/\/api.w.org\/{rel}","templated":true}]}}