 
 {"id":1283,"date":"2019-03-19T11:02:44","date_gmt":"2019-03-19T11:02:44","guid":{"rendered":"http:\/\/straylight.cs.st-andrews.ac.uk\/sleat\/wordpress\/seall\/705-2\/"},"modified":"2019-03-19T11:02:44","modified_gmt":"2019-03-19T11:02:44","slug":"705-2","status":"publish","type":"page","link":"https:\/\/sleat.openvirtualworlds.org\/wordpress\/seall\/705-2\/","title":{"rendered":"&#8216;Cathal Bui&#8217; Aisling Ghear Gaelic Theatre"},"content":{"rendered":"<div class=\"wporg-box\"><h2>&#039;Cathal Bui&#039; Aisling Ghear Gaelic Theatre<\/h2><img decoding=\"async\" src=\"https:\/\/sleat.openvirtualworlds.org\/omeka\/files\/original\/217\/705\/SKMBT_C22018121014081.jpg\" \/>Cathal Bui, the hard-living, hard-drinking,and hard-loving poet prince of Ulster's 18 century is celebrated with music, song and drama in a racy comedy based on his life and times. Presented by 'Ailsing Gh\u00e9ar', the Belfast based Irish language theatre company, with a performance that will overcome any language barriers. Tha an dealbh chluich seo a' cleachdadh ce\u00f2l, \u00f2rain agus dr\u00e0ma gus beatha Cathal Bui a shealltainn, fear a bha na phrionnsa agus na bh\u00e0rd san ochdamh linn deug an Ulaidh, aig an robh beatha l\u00e0n de dh\u2019\u00f2l, l\u00e0n de bhoireanaich is l\u00e0n spors. 'S e an Companaidh Aisling Ghearr a Beal Feirste a tha ga chur air \u00e0rd-\u00f9rlar.<p><small>Date: 12\/07\/00<br\/><\/small><small>Start Time: 19:00:00<br\/><\/small><small>Venue: Sabhal M\u00f2r Ostaig, TDC main hall<br\/><\/small><small>Audience Numbers: 25<br\/><\/small><small>Type: Theatre Adult<br\/><\/small><\/p><\/div>\n","protected":false},"excerpt":{"rendered":"","protected":false},"author":1,"featured_media":0,"parent":0,"menu_order":0,"comment_status":"open","ping_status":"closed","template":"","meta":{"footnotes":""},"class_list":["post-1283","page","type-page","status-publish","hentry","entry"],"_links":{"self":[{"href":"https:\/\/sleat.openvirtualworlds.org\/wordpress\/seall\/wp-json\/wp\/v2\/pages\/1283","targetHints":{"allow":["GET"]}}],"collection":[{"href":"https:\/\/sleat.openvirtualworlds.org\/wordpress\/seall\/wp-json\/wp\/v2\/pages"}],"about":[{"href":"https:\/\/sleat.openvirtualworlds.org\/wordpress\/seall\/wp-json\/wp\/v2\/types\/page"}],"author":[{"embeddable":true,"href":"https:\/\/sleat.openvirtualworlds.org\/wordpress\/seall\/wp-json\/wp\/v2\/users\/1"}],"replies":[{"embeddable":true,"href":"https:\/\/sleat.openvirtualworlds.org\/wordpress\/seall\/wp-json\/wp\/v2\/comments?post=1283"}],"version-history":[{"count":0,"href":"https:\/\/sleat.openvirtualworlds.org\/wordpress\/seall\/wp-json\/wp\/v2\/pages\/1283\/revisions"}],"wp:attachment":[{"href":"https:\/\/sleat.openvirtualworlds.org\/wordpress\/seall\/wp-json\/wp\/v2\/media?parent=1283"}],"curies":[{"name":"wp","href":"https:\/\/api.w.org\/{rel}","templated":true}]}}