 
 {"id":131,"date":"2019-03-19T10:18:41","date_gmt":"2019-03-19T10:18:41","guid":{"rendered":"http:\/\/straylight.cs.st-andrews.ac.uk\/sleat\/wordpress\/seall\/2161-2\/"},"modified":"2019-03-19T10:18:41","modified_gmt":"2019-03-19T10:18:41","slug":"2161-2","status":"publish","type":"page","link":"https:\/\/sleat.openvirtualworlds.org\/wordpress\/seall\/2161-2\/","title":{"rendered":"&#8216;Fosgailte &#8211; Exposed 2007&#8217; Meet the artists"},"content":{"rendered":"<div class=\"wporg-box\"><h2>&#039;Fosgailte - Exposed 2007&#039; Meet the artists<\/h2>Exposed\/Fosgailte 2007 is a new visual arts project presenting sculpture in the open. As part of F\u00e8is an Eilein the exhibition will take place in the gardens at Armadale Castle during July and August. It features the work of 10 artists from south Skye. Visit the pieces as part of your ticket to the Armadale Gardens and meet some of the artists on Saturday 15 and Sunday 21 July.\n\n\n\nSnaigheadarachd air na raointean. Taisbeanadh poblach dhen obair innleachdail aig luchd-ealain ionadail, ann an G\u00e0rraidhean Chaisteil Armadail, os cionn a Chuain Sg\u00ecth san Eilean Sgitheanach. P\u00e0irt bhunaiteach de 16mh Fh\u00e8is an Eilein. Chithear an obair ealanta seo eadar 13 agus 16 Iuchar mar ph\u00e0irt de Bhliadhna Cultarach na G\u00e0idhealtachd.<p><small>Date: 15\/07\/07<br\/><\/small><small>Start Time: 14:00:00<br\/><\/small><small>Venue: Armadale Castle Gardens<br\/><\/small><small>Audience Numbers: 0<br\/><\/small><small>Type: Exhibition<br\/><\/small><\/p><\/div>\n","protected":false},"excerpt":{"rendered":"","protected":false},"author":1,"featured_media":0,"parent":0,"menu_order":0,"comment_status":"open","ping_status":"closed","template":"","meta":{"footnotes":""},"class_list":["post-131","page","type-page","status-publish","hentry","entry"],"_links":{"self":[{"href":"https:\/\/sleat.openvirtualworlds.org\/wordpress\/seall\/wp-json\/wp\/v2\/pages\/131","targetHints":{"allow":["GET"]}}],"collection":[{"href":"https:\/\/sleat.openvirtualworlds.org\/wordpress\/seall\/wp-json\/wp\/v2\/pages"}],"about":[{"href":"https:\/\/sleat.openvirtualworlds.org\/wordpress\/seall\/wp-json\/wp\/v2\/types\/page"}],"author":[{"embeddable":true,"href":"https:\/\/sleat.openvirtualworlds.org\/wordpress\/seall\/wp-json\/wp\/v2\/users\/1"}],"replies":[{"embeddable":true,"href":"https:\/\/sleat.openvirtualworlds.org\/wordpress\/seall\/wp-json\/wp\/v2\/comments?post=131"}],"version-history":[{"count":0,"href":"https:\/\/sleat.openvirtualworlds.org\/wordpress\/seall\/wp-json\/wp\/v2\/pages\/131\/revisions"}],"wp:attachment":[{"href":"https:\/\/sleat.openvirtualworlds.org\/wordpress\/seall\/wp-json\/wp\/v2\/media?parent=131"}],"curies":[{"name":"wp","href":"https:\/\/api.w.org\/{rel}","templated":true}]}}