 
 {"id":1410,"date":"2019-03-19T11:07:40","date_gmt":"2019-03-19T11:07:40","guid":{"rendered":"http:\/\/straylight.cs.st-andrews.ac.uk\/sleat\/wordpress\/seall\/1685-2\/"},"modified":"2019-03-19T11:07:40","modified_gmt":"2019-03-19T11:07:40","slug":"1685-2","status":"publish","type":"page","link":"https:\/\/sleat.openvirtualworlds.org\/wordpress\/seall\/1685-2\/","title":{"rendered":"Blas Festival &#8216;Hallaig&#8217; play, pie and a drink"},"content":{"rendered":"<div class=\"wporg-box\"><h2>Blas Festival &#039;Hallaig&#039; play, pie and a drink<\/h2><img decoding=\"async\" src=\"https:\/\/sleat.openvirtualworlds.org\/omeka\/files\/original\/191\/1685\/SKMBT_C22018121110371.jpg\" \/>In English and Gaelic with a little Arabic and Spanish and understood by everyone! A young man, Sorley, drives north to Raasay to try to stop the woman he loves marrying another man. Her name is Eimhir. But as Sorley nears Raasay, the memories of his upbringing in Hallaig Wood return. Memories he has suppressed since he ran away from the island at fourteen, never to return. When he reaches the island, the same choice he ran from many years ago confronts him again. 'Hallaig' is based on two poems written by Sorley Maclean - 'Hallaig' and 'An Roghainn'. It is a story about unrequited love and how the small choices we make in life can affect us. It is about loss - of time, life, love and language. With Davie Walker, Marie Morrison, Martin MacIntyre. The play lasts for 1 hour and tickets include a hot pie and a drink. Limited seating - book now! Hallaig - Dealbh-chuich le Iain F Macle\u00f2id. Tha fear \u00f2g, Somhairle, a' draibheadh gu tuath, gu Ratharsaidh. Tha e a' dol a dh'fheuchainn ri stad a chur air an gaol geal \u00e0lainn aige p\u00f2sadh duine eile. 'S e Eimhir an t-ainm a th'oirre. Ach mar as fhaisg a tha Somhairle a' tighinn air an eilean, 's ann a tha a' chuimhne aige air na thachair nuair a bha e \u00f2g a' tighinn air ais thuige. Na rudan a dh'adhbharraich gun ruith e air falbh aig ceithir bliadhna deug a dh'aois. Cha deach e air ais bhon uairsin. Nuair a tha e a' ruighinn an Eilein, tha an t-aon roghainn a thug air teiche na \u00f2ige roimhe a-rithist. Tha 'Hallaig' st\u00e8idhichte air d\u00e0 ph\u00ecos b\u00e0rdachd le Somhairle MacGiill-eathain - \"Hallag' agus 'An Roghainn'. 'S e sgeulachd mu dheidhinn gaol neo-dh\u00ecolta a th'ann, agus mar a dh'fhaodas roghainn beag atharrachadh ar beatha. Tha e mu dheidhinn call - t\u00ecm, gaol agus c\u00e0nan. Tha 'Hallaig' air a riochdachadh le Theatar Robhanis, companaidh theatar G\u00e0idhlig st\u00e8idhichte ann an Le\u00f2dhas. Fhuair an dealbh-chluich seo taic bho Alba Chruthachail, B\u00f2rd na G\u00e0idhlig, Theatar N\u00e0iseanta na h-Alba, Glaschu Be\u00f2, An Lanntair agus Play Pieces. 'S e 'Uisge-Beatha gu Le\u00f2r' am p\u00ecos theatar bho dheireadh a rinn iad, an co-bhonn le Theatar N\u00e0iseanta na h-Alba.<p><small>Date: 07\/09\/16<br\/><\/small><small>Start Time: 12.30 pm<br\/><\/small><small>Venue: Sabhal M\u00f2r Ostaig, An Talla Mh\u00f2r<br\/><\/small><small>Audience Numbers: 60<br\/><\/small><small>Type: Theatre Adult<br\/><\/small><\/p><\/div>\n","protected":false},"excerpt":{"rendered":"","protected":false},"author":1,"featured_media":0,"parent":0,"menu_order":0,"comment_status":"open","ping_status":"closed","template":"","meta":{"footnotes":""},"class_list":["post-1410","page","type-page","status-publish","hentry","entry"],"_links":{"self":[{"href":"https:\/\/sleat.openvirtualworlds.org\/wordpress\/seall\/wp-json\/wp\/v2\/pages\/1410","targetHints":{"allow":["GET"]}}],"collection":[{"href":"https:\/\/sleat.openvirtualworlds.org\/wordpress\/seall\/wp-json\/wp\/v2\/pages"}],"about":[{"href":"https:\/\/sleat.openvirtualworlds.org\/wordpress\/seall\/wp-json\/wp\/v2\/types\/page"}],"author":[{"embeddable":true,"href":"https:\/\/sleat.openvirtualworlds.org\/wordpress\/seall\/wp-json\/wp\/v2\/users\/1"}],"replies":[{"embeddable":true,"href":"https:\/\/sleat.openvirtualworlds.org\/wordpress\/seall\/wp-json\/wp\/v2\/comments?post=1410"}],"version-history":[{"count":0,"href":"https:\/\/sleat.openvirtualworlds.org\/wordpress\/seall\/wp-json\/wp\/v2\/pages\/1410\/revisions"}],"wp:attachment":[{"href":"https:\/\/sleat.openvirtualworlds.org\/wordpress\/seall\/wp-json\/wp\/v2\/media?parent=1410"}],"curies":[{"name":"wp","href":"https:\/\/api.w.org\/{rel}","templated":true}]}}