 
 {"id":1476,"date":"2019-03-19T11:10:10","date_gmt":"2019-03-19T11:10:10","guid":{"rendered":"http:\/\/straylight.cs.st-andrews.ac.uk\/sleat\/wordpress\/seall\/1806-2\/"},"modified":"2019-03-19T11:10:10","modified_gmt":"2019-03-19T11:10:10","slug":"1806-2","status":"publish","type":"page","link":"https:\/\/sleat.openvirtualworlds.org\/wordpress\/seall\/1806-2\/","title":{"rendered":"Theatre Gu Le\u00f2r &#8211; &#8216;Ceilidh&#8217;"},"content":{"rendered":"<div class=\"wporg-box\"><h2>Theatre Gu Le\u00f2r - &#039;Ceilidh&#039;<\/h2><img decoding=\"async\" src=\"https:\/\/sleat.openvirtualworlds.org\/omeka\/files\/original\/217\/1806\/SKMBT_C22018121110512.jpg\" \/>Fiadhaich, brais agus air a tiodhlaigeadh air a beul-fodha sna Hearadh, tha a' bhana-bh\u00e0rd M\u00e0iri Ruadh air \u00e8irigh \u00e0s an uaigh le d\u00ecreach aon oidhche gus ciall sh\u00f2nraichte na c\u00e8ilidh ath-bhe\u00f2thachadh. Dealasach agus l\u00e0n spionnaidh, tha i deimhinne nach bi a guth air a chasg a-rithist. Tha an dealbh-chluich \u00f9r seo l\u00e0n ce\u00f2l be\u00f2, \u00f2rain agus sgeulachdan le fo-thiotalan. Bidh e freagarrach do dhuine sam bith, G\u00e0idhlig ann no \u00e0s, fhad 's gu bheil iad deiseil airson c\u00e8ilidh gun choimeas! Wild, outspoken and buried face down on the Isle of Harris, poet M\u00e0iri Ruadh is back from beyond the grave, with one last night to resurrect the true meaning of the c\u00e8ilidh. She has fire in her belly and is determined never to be silenced again. C\u00e8ilidh is a new play full of live music, songs and stories. It is subtitled and suitable for anyone with or without Gaelic, but only those ready for a c\u00e8ilidh like no other!<p><small>Date: 23\/03\/18<br\/><\/small><small>Start Time: 7.30pm<br\/><\/small><small>Venue: Sabhal M\u00f2r Ostaig, TDC main hall<br\/><\/small><small>Audience Numbers: 71<br\/><\/small><small>Type: Theatre Adult<br\/><\/small><\/p><\/div>\n","protected":false},"excerpt":{"rendered":"","protected":false},"author":1,"featured_media":0,"parent":0,"menu_order":0,"comment_status":"open","ping_status":"closed","template":"","meta":{"footnotes":""},"class_list":["post-1476","page","type-page","status-publish","hentry","entry"],"_links":{"self":[{"href":"https:\/\/sleat.openvirtualworlds.org\/wordpress\/seall\/wp-json\/wp\/v2\/pages\/1476","targetHints":{"allow":["GET"]}}],"collection":[{"href":"https:\/\/sleat.openvirtualworlds.org\/wordpress\/seall\/wp-json\/wp\/v2\/pages"}],"about":[{"href":"https:\/\/sleat.openvirtualworlds.org\/wordpress\/seall\/wp-json\/wp\/v2\/types\/page"}],"author":[{"embeddable":true,"href":"https:\/\/sleat.openvirtualworlds.org\/wordpress\/seall\/wp-json\/wp\/v2\/users\/1"}],"replies":[{"embeddable":true,"href":"https:\/\/sleat.openvirtualworlds.org\/wordpress\/seall\/wp-json\/wp\/v2\/comments?post=1476"}],"version-history":[{"count":0,"href":"https:\/\/sleat.openvirtualworlds.org\/wordpress\/seall\/wp-json\/wp\/v2\/pages\/1476\/revisions"}],"wp:attachment":[{"href":"https:\/\/sleat.openvirtualworlds.org\/wordpress\/seall\/wp-json\/wp\/v2\/media?parent=1476"}],"curies":[{"name":"wp","href":"https:\/\/api.w.org\/{rel}","templated":true}]}}