 
 {"id":1477,"date":"2019-03-19T11:10:12","date_gmt":"2019-03-19T11:10:12","guid":{"rendered":"http:\/\/straylight.cs.st-andrews.ac.uk\/sleat\/wordpress\/seall\/1660-2\/"},"modified":"2019-03-19T11:10:12","modified_gmt":"2019-03-19T11:10:12","slug":"1660-2","status":"publish","type":"page","link":"https:\/\/sleat.openvirtualworlds.org\/wordpress\/seall\/1660-2\/","title":{"rendered":"Theatre Gu L\u00e8or &#8211; &#8216;Shrapnel&#8217;"},"content":{"rendered":"<div class=\"wporg-box\"><h2>Theatre Gu L\u00e8or - &#039;Shrapnel&#039;<\/h2><img decoding=\"async\" src=\"https:\/\/sleat.openvirtualworlds.org\/omeka\/files\/original\/217\/1660\/SKMBT_C22018121019141.jpg\" \/>Adapted by Catriona Lexy Chaimbeul from Tormod Caimbeul's, (Tormod a' Bhocsair) seminal Gaelic novel, with animation, subtitles, live music and with anarchic humour. 'Shrapnel' is for Gaelic and non-Gaelic audiences alike. Set in the darkest depths of Leith, we follow a man on the run for a crime he did not commit, as he meets an array of extraordinary misfits, with the psychopathic former detective, Walter Shrapnel, never far behind. Ath-sgr\u00ecobhadh den nobhail leis an s\u00e0r sgr\u00ecobhaiche, Tormod Caimbeul, le dealbhachadh, fo-thiotalan agus ce\u00f2l, tha Shrapnel freagarrach airson f\u00ecleantaich agus luchd-ionnsachaidh air fad. Air a\u2019 st\u00e8idheachadh ann an dorchadas L\u00ecte, tha sinn a' leantainn aithrisear \u2019s e a' siubhail air feadh a' bhaile a\u2019 coinneachadh ri iomadach charactar annasach agus a\u2019 seachnadh a' phoileis bhr\u00f9ideil, Walter Shrapnel. \u201cSet in Edinburgh, in areas not unlike those featured in Irvine Welsh\u2019s Trainspotting...retains our attention right to the end of this astonishing story\u201d Aonghas MacNeacail &amp; Scottish review of books, 2009 Directed by Muireann Kelly, the cast includes many well know faces from Gaelic drama- Iain Macrae, Mairi Morrison, Artair Donald, Iain Beggs, Catriona Lexy Chaimbeul and Calum MacDonald In gaelic with english subtitles Suitable for 14+. The play last 1 hour 45 mins, including an interval. There will be a short Q&amp;A after the show. The play will be available to buy at the venue in both English and G\u00e0idhlig - published by Leabhraichean Beaga.<p><small>Date: 24\/03\/16<br\/><\/small><small>Start Time: 7.30 pm<br\/><\/small><small>Venue: Sabhal M\u00f2r Ostaig, TDC main hall<br\/><\/small><small>Audience Numbers: 84<br\/><\/small><small>Type: Theatre Adult<br\/><\/small><\/p><\/div>\n","protected":false},"excerpt":{"rendered":"","protected":false},"author":1,"featured_media":0,"parent":0,"menu_order":0,"comment_status":"open","ping_status":"closed","template":"","meta":{"footnotes":""},"class_list":["post-1477","page","type-page","status-publish","hentry","entry"],"_links":{"self":[{"href":"https:\/\/sleat.openvirtualworlds.org\/wordpress\/seall\/wp-json\/wp\/v2\/pages\/1477","targetHints":{"allow":["GET"]}}],"collection":[{"href":"https:\/\/sleat.openvirtualworlds.org\/wordpress\/seall\/wp-json\/wp\/v2\/pages"}],"about":[{"href":"https:\/\/sleat.openvirtualworlds.org\/wordpress\/seall\/wp-json\/wp\/v2\/types\/page"}],"author":[{"embeddable":true,"href":"https:\/\/sleat.openvirtualworlds.org\/wordpress\/seall\/wp-json\/wp\/v2\/users\/1"}],"replies":[{"embeddable":true,"href":"https:\/\/sleat.openvirtualworlds.org\/wordpress\/seall\/wp-json\/wp\/v2\/comments?post=1477"}],"version-history":[{"count":0,"href":"https:\/\/sleat.openvirtualworlds.org\/wordpress\/seall\/wp-json\/wp\/v2\/pages\/1477\/revisions"}],"wp:attachment":[{"href":"https:\/\/sleat.openvirtualworlds.org\/wordpress\/seall\/wp-json\/wp\/v2\/media?parent=1477"}],"curies":[{"name":"wp","href":"https:\/\/api.w.org\/{rel}","templated":true}]}}