 
 {"id":152,"date":"2019-03-19T10:19:29","date_gmt":"2019-03-19T10:19:29","guid":{"rendered":"http:\/\/straylight.cs.st-andrews.ac.uk\/sleat\/wordpress\/seall\/1169-2\/"},"modified":"2019-03-19T10:19:29","modified_gmt":"2019-03-19T10:19:29","slug":"1169-2","status":"publish","type":"page","link":"https:\/\/sleat.openvirtualworlds.org\/wordpress\/seall\/1169-2\/","title":{"rendered":"&#8216;An Sg\u00e0ilean \u00d9r&#8217; &#8211; Gaelic films"},"content":{"rendered":"<div class=\"wporg-box\"><h2>&#039;An Sg\u00e0ilean \u00d9r&#039; - Gaelic films<\/h2>'An Sg\u00e0ilean \u00d9r' is a remarkable first project involving local schools. B\u00f2b am B\u00f2can: Bob the Ghost (Sleat School ), Robo-sgoil: Robot School (Plockton High School ) and Am Poca Guail: The Bag of Coal (Portree High School ) are all five-minute films, in Gaelic with English sub-titles. Each took just three days to produce. The pupils were supported by a small team of professionals, but took responsibility for every aspect of film-making: storyboarding, scripting, casting, acting, filming, directing, editing and even composing and performing their own sound-tracks.\n\nInterspersed with these, will be a selection from another story-telling cartoon project from local and international schools.\n\nFinally, the programme will include some little seen Wallace and Gromit shorts.\n\nThese films will delight adults and children alike.\n\nAlso - Meet the 'FilmG' team and find out what Scotland's Gaelic short film competition is all about!<p><small>Date: 22\/07\/08<br\/><\/small><small>Start Time: 7.30 pm<br\/><\/small><small>Venue: Sabhal M\u00f2r Ostaig, TDC main hall<br\/><\/small><small>Audience Numbers: 11<br\/><\/small><small>Type: Film and Music<br\/><\/small><\/p><\/div>\n","protected":false},"excerpt":{"rendered":"","protected":false},"author":1,"featured_media":0,"parent":0,"menu_order":0,"comment_status":"open","ping_status":"closed","template":"","meta":{"footnotes":""},"class_list":["post-152","page","type-page","status-publish","hentry","entry"],"_links":{"self":[{"href":"https:\/\/sleat.openvirtualworlds.org\/wordpress\/seall\/wp-json\/wp\/v2\/pages\/152","targetHints":{"allow":["GET"]}}],"collection":[{"href":"https:\/\/sleat.openvirtualworlds.org\/wordpress\/seall\/wp-json\/wp\/v2\/pages"}],"about":[{"href":"https:\/\/sleat.openvirtualworlds.org\/wordpress\/seall\/wp-json\/wp\/v2\/types\/page"}],"author":[{"embeddable":true,"href":"https:\/\/sleat.openvirtualworlds.org\/wordpress\/seall\/wp-json\/wp\/v2\/users\/1"}],"replies":[{"embeddable":true,"href":"https:\/\/sleat.openvirtualworlds.org\/wordpress\/seall\/wp-json\/wp\/v2\/comments?post=152"}],"version-history":[{"count":0,"href":"https:\/\/sleat.openvirtualworlds.org\/wordpress\/seall\/wp-json\/wp\/v2\/pages\/152\/revisions"}],"wp:attachment":[{"href":"https:\/\/sleat.openvirtualworlds.org\/wordpress\/seall\/wp-json\/wp\/v2\/media?parent=152"}],"curies":[{"name":"wp","href":"https:\/\/api.w.org\/{rel}","templated":true}]}}