 
 {"id":33,"date":"2019-03-19T10:04:25","date_gmt":"2019-03-19T10:04:25","guid":{"rendered":"http:\/\/straylight.cs.st-andrews.ac.uk\/sleat\/wordpress\/seall\/1628-2\/"},"modified":"2019-03-19T10:04:25","modified_gmt":"2019-03-19T10:04:25","slug":"1628-2","status":"publish","type":"page","link":"https:\/\/sleat.openvirtualworlds.org\/wordpress\/seall\/1628-2\/","title":{"rendered":"&#8216;Ceilear&#8217;"},"content":{"rendered":"<div class=\"wporg-box\"><h2>&#039;Ceilear&#039;<\/h2>Come along and join in a C\u00e8ilidh dance with \u2018The C\u00e8ilidh Trailers\u2019, young talented traditional musicians from the area who have been brought together to play concerts, c\u00e8ilidhs and dances, through F\u00e8is an Earraich. \n\nThig is gabh p\u00e0irt ann an C\u00e8ilidh nan C\u00f9rsaichean Goirid, le \u2018C\u00e8ilear` a\u2019 cluich tron oidhche. Tha f\u00e0ilte chridheil ron a h-uile duine.<p><small>Date: 13\/07\/15<br\/><\/small><small>Start Time: 20:00:00<br\/><\/small><small>Venue: Sabhal M\u00f2r Ostaig, SkyeSpace<br\/><\/small><small>Audience Numbers: 26<br\/><\/small><small>Type: Ceilidh<br\/><\/small><\/p><\/div>\n","protected":false},"excerpt":{"rendered":"","protected":false},"author":1,"featured_media":0,"parent":0,"menu_order":0,"comment_status":"open","ping_status":"closed","template":"","meta":{"footnotes":""},"class_list":["post-33","page","type-page","status-publish","hentry","entry"],"_links":{"self":[{"href":"https:\/\/sleat.openvirtualworlds.org\/wordpress\/seall\/wp-json\/wp\/v2\/pages\/33","targetHints":{"allow":["GET"]}}],"collection":[{"href":"https:\/\/sleat.openvirtualworlds.org\/wordpress\/seall\/wp-json\/wp\/v2\/pages"}],"about":[{"href":"https:\/\/sleat.openvirtualworlds.org\/wordpress\/seall\/wp-json\/wp\/v2\/types\/page"}],"author":[{"embeddable":true,"href":"https:\/\/sleat.openvirtualworlds.org\/wordpress\/seall\/wp-json\/wp\/v2\/users\/1"}],"replies":[{"embeddable":true,"href":"https:\/\/sleat.openvirtualworlds.org\/wordpress\/seall\/wp-json\/wp\/v2\/comments?post=33"}],"version-history":[{"count":0,"href":"https:\/\/sleat.openvirtualworlds.org\/wordpress\/seall\/wp-json\/wp\/v2\/pages\/33\/revisions"}],"wp:attachment":[{"href":"https:\/\/sleat.openvirtualworlds.org\/wordpress\/seall\/wp-json\/wp\/v2\/media?parent=33"}],"curies":[{"name":"wp","href":"https:\/\/api.w.org\/{rel}","templated":true}]}}