 
 {"id":331,"date":"2019-03-19T10:26:20","date_gmt":"2019-03-19T10:26:20","guid":{"rendered":"http:\/\/straylight.cs.st-andrews.ac.uk\/sleat\/wordpress\/seall\/802-2\/"},"modified":"2019-03-19T10:26:20","modified_gmt":"2019-03-19T10:26:20","slug":"802-2","status":"publish","type":"page","link":"https:\/\/sleat.openvirtualworlds.org\/wordpress\/seall\/802-2\/","title":{"rendered":"Scottish Ensemble and M\u00edche\u00e1l \u00d3 Suilleabh\u00e1in"},"content":{"rendered":"<div class=\"wporg-box\"><h2>Scottish Ensemble and M\u00edche\u00e1l \u00d3 Suilleabh\u00e1in<\/h2><img decoding=\"async\" src=\"https:\/\/sleat.openvirtualworlds.org\/omeka\/files\/original\/217\/802\/SKMBT_C22018121015430.jpg\" \/>M\u00edche\u00e1l \u00d3 Suilleabh\u00e1in, the Professor of Irish music has successfully bridged the gap between traditional Irish and classical music. After a successful concert in Celtic Connections, he tours the Highlands with a quartet from Scotland's premier chamber orchestra, the Scottish Ensemble, and two Irish traditional musicians, Niall Keegan and Sandra Joyce.<p><small>Date: 09\/03\/05<br\/><\/small><small>Start Time: 20:00:00<br\/><\/small><small>Venue: Sabhal M\u00f2r Ostaig, TDC main hall<br\/><\/small><small>Audience Numbers: 93<br\/><\/small><small>Type: Music Classical and Opera<br\/><\/small><\/p><\/div>\n","protected":false},"excerpt":{"rendered":"","protected":false},"author":1,"featured_media":0,"parent":0,"menu_order":0,"comment_status":"open","ping_status":"closed","template":"","meta":{"footnotes":""},"class_list":["post-331","page","type-page","status-publish","hentry","entry"],"_links":{"self":[{"href":"https:\/\/sleat.openvirtualworlds.org\/wordpress\/seall\/wp-json\/wp\/v2\/pages\/331","targetHints":{"allow":["GET"]}}],"collection":[{"href":"https:\/\/sleat.openvirtualworlds.org\/wordpress\/seall\/wp-json\/wp\/v2\/pages"}],"about":[{"href":"https:\/\/sleat.openvirtualworlds.org\/wordpress\/seall\/wp-json\/wp\/v2\/types\/page"}],"author":[{"embeddable":true,"href":"https:\/\/sleat.openvirtualworlds.org\/wordpress\/seall\/wp-json\/wp\/v2\/users\/1"}],"replies":[{"embeddable":true,"href":"https:\/\/sleat.openvirtualworlds.org\/wordpress\/seall\/wp-json\/wp\/v2\/comments?post=331"}],"version-history":[{"count":0,"href":"https:\/\/sleat.openvirtualworlds.org\/wordpress\/seall\/wp-json\/wp\/v2\/pages\/331\/revisions"}],"wp:attachment":[{"href":"https:\/\/sleat.openvirtualworlds.org\/wordpress\/seall\/wp-json\/wp\/v2\/media?parent=331"}],"curies":[{"name":"wp","href":"https:\/\/api.w.org\/{rel}","templated":true}]}}