 
 {"id":39,"date":"2019-03-19T10:10:02","date_gmt":"2019-03-19T10:10:02","guid":{"rendered":"http:\/\/straylight.cs.st-andrews.ac.uk\/sleat\/wordpress\/seall\/1211-2\/"},"modified":"2019-03-19T10:10:02","modified_gmt":"2019-03-19T10:10:02","slug":"1211-2","status":"publish","type":"page","link":"https:\/\/sleat.openvirtualworlds.org\/wordpress\/seall\/1211-2\/","title":{"rendered":"&#8216;Fergie&#8217;s C\u00e8ilidh Night&#8217;"},"content":{"rendered":"<div class=\"wporg-box\"><h2>&#039;Fergie&#039;s C\u00e8ilidh Night&#039;<\/h2><img decoding=\"async\" src=\"https:\/\/sleat.openvirtualworlds.org\/omeka\/files\/original\/191\/1211\/SKMBT_C22018121017072.jpg\" \/>Fergie is back for another week of classes at Sabhal M\u00f2r. No week would be complete without a C\u00e8ilidh night in 'The Old Barn' of Talla Mh\u00f2r. As the 'C\u00e8ilidh King', Fergie introduced the authentic, raw and right C\u00e8ilidh dance band style to village halls across the length and breadth of the Scottish Highlands and Islands. Years later he remains the firm favourite and to miss Fergie's playing is a real missed opportunity. He is joined by Addie Harper and other guests.<p><small>Date: 23\/07\/09<br\/><\/small><small>Start Time: 9.30 pm<br\/><\/small><small>Venue: Sabhal M\u00f2r Ostaig, An Talla Mh\u00f2r<br\/><\/small><small>Audience Numbers: 110<br\/><\/small><small>Type: Ceilidh<br\/><\/small><\/p><\/div>\n","protected":false},"excerpt":{"rendered":"","protected":false},"author":1,"featured_media":0,"parent":0,"menu_order":0,"comment_status":"open","ping_status":"closed","template":"","meta":{"footnotes":""},"class_list":["post-39","page","type-page","status-publish","hentry","entry"],"_links":{"self":[{"href":"https:\/\/sleat.openvirtualworlds.org\/wordpress\/seall\/wp-json\/wp\/v2\/pages\/39","targetHints":{"allow":["GET"]}}],"collection":[{"href":"https:\/\/sleat.openvirtualworlds.org\/wordpress\/seall\/wp-json\/wp\/v2\/pages"}],"about":[{"href":"https:\/\/sleat.openvirtualworlds.org\/wordpress\/seall\/wp-json\/wp\/v2\/types\/page"}],"author":[{"embeddable":true,"href":"https:\/\/sleat.openvirtualworlds.org\/wordpress\/seall\/wp-json\/wp\/v2\/users\/1"}],"replies":[{"embeddable":true,"href":"https:\/\/sleat.openvirtualworlds.org\/wordpress\/seall\/wp-json\/wp\/v2\/comments?post=39"}],"version-history":[{"count":0,"href":"https:\/\/sleat.openvirtualworlds.org\/wordpress\/seall\/wp-json\/wp\/v2\/pages\/39\/revisions"}],"wp:attachment":[{"href":"https:\/\/sleat.openvirtualworlds.org\/wordpress\/seall\/wp-json\/wp\/v2\/media?parent=39"}],"curies":[{"name":"wp","href":"https:\/\/api.w.org\/{rel}","templated":true}]}}