 
 {"id":517,"date":"2019-03-19T10:33:32","date_gmt":"2019-03-19T10:33:32","guid":{"rendered":"http:\/\/straylight.cs.st-andrews.ac.uk\/sleat\/wordpress\/seall\/712-2\/"},"modified":"2019-03-19T10:33:32","modified_gmt":"2019-03-19T10:33:32","slug":"712-2","status":"publish","type":"page","link":"https:\/\/sleat.openvirtualworlds.org\/wordpress\/seall\/712-2\/","title":{"rendered":"&#8216;Cliar&#8217; in Concert"},"content":{"rendered":"<div class=\"wporg-box\"><h2>&#039;Cliar&#039; in Concert<\/h2><img decoding=\"async\" src=\"https:\/\/sleat.openvirtualworlds.org\/omeka\/files\/original\/217\/712\/SKMBT_C22018121014101.jpg\" \/>Traditional and contemporary Gaelic song and Highland music from 'Cliar' the headlining sextet of Gaelic singers and musicians. As a group they provide inspirational sounds, individually they offer virtuoso solo performances. Featured singers are Arther Cormack, Mary Ann Kennedy and Maggie Macdonald, with instrumentals from Ingrid Henderson on clarsach and keyboard, fiddler Bruce MacGregor and guitarist Chaz Stewart. Orain G\u00e0idhlig sean agus \u00f9r agus ce\u00f2l Gaidhealach bho 'Chliar' - sianar de na seinneadairean agus luchd-ci\u00f9il as fhe\u00e0rr sa Gaidhealtachd. Mar chomhlan tha fuaim sgoinneil aca, fa leth tha Artair Carmaig, Mairi Anna NicUalraig agus Magaidh Dhomhallach a' seinn le Ingrid NicEanraig air cl\u00e0rsaich agus meur-chl\u00e0r, Bruce MacGriogair air an fidhill agus Chas Stiubhart air giot\u00e0r.<p><small>Date: 14\/07\/00<br\/><\/small><small>Start Time: 20:00:00<br\/><\/small><small>Venue: Sabhal M\u00f2r Ostaig, TDC main hall<br\/><\/small><small>Audience Numbers: 150<br\/><\/small><small>Type: Music Traditional<br\/><\/small><\/p><\/div>\n","protected":false},"excerpt":{"rendered":"","protected":false},"author":1,"featured_media":0,"parent":0,"menu_order":0,"comment_status":"open","ping_status":"closed","template":"","meta":{"footnotes":""},"class_list":["post-517","page","type-page","status-publish","hentry","entry"],"_links":{"self":[{"href":"https:\/\/sleat.openvirtualworlds.org\/wordpress\/seall\/wp-json\/wp\/v2\/pages\/517","targetHints":{"allow":["GET"]}}],"collection":[{"href":"https:\/\/sleat.openvirtualworlds.org\/wordpress\/seall\/wp-json\/wp\/v2\/pages"}],"about":[{"href":"https:\/\/sleat.openvirtualworlds.org\/wordpress\/seall\/wp-json\/wp\/v2\/types\/page"}],"author":[{"embeddable":true,"href":"https:\/\/sleat.openvirtualworlds.org\/wordpress\/seall\/wp-json\/wp\/v2\/users\/1"}],"replies":[{"embeddable":true,"href":"https:\/\/sleat.openvirtualworlds.org\/wordpress\/seall\/wp-json\/wp\/v2\/comments?post=517"}],"version-history":[{"count":0,"href":"https:\/\/sleat.openvirtualworlds.org\/wordpress\/seall\/wp-json\/wp\/v2\/pages\/517\/revisions"}],"wp:attachment":[{"href":"https:\/\/sleat.openvirtualworlds.org\/wordpress\/seall\/wp-json\/wp\/v2\/media?parent=517"}],"curies":[{"name":"wp","href":"https:\/\/api.w.org\/{rel}","templated":true}]}}