 
 {"id":529,"date":"2019-03-19T10:34:00","date_gmt":"2019-03-19T10:34:00","guid":{"rendered":"http:\/\/straylight.cs.st-andrews.ac.uk\/sleat\/wordpress\/seall\/703-2\/"},"modified":"2019-03-19T10:34:00","modified_gmt":"2019-03-19T10:34:00","slug":"703-2","status":"publish","type":"page","link":"https:\/\/sleat.openvirtualworlds.org\/wordpress\/seall\/703-2\/","title":{"rendered":"&#8216;D\u00e0imh&#8217; in Concert with Anne Martin"},"content":{"rendered":"<div class=\"wporg-box\"><h2>&#039;D\u00e0imh&#039; in Concert with Anne Martin<\/h2><img decoding=\"async\" src=\"https:\/\/sleat.openvirtualworlds.org\/omeka\/files\/original\/217\/703\/SKMBT_C22018121014081.jpg\" \/>Keeping the emphasis firmly on the Gaelic culture,'D\u00e0imh'' is a young traditional band based in Skye, with musicians from Eire, Scotland, Cape Breton and California. Anne Martin, also from Skye, joins them as guest Gaelic singer. High energy, fast flowing music on Higland Pipes, small pipes, fiddle, banjo and lots more, to start off F\u00e8is an Eilein. 'Se feadhainn de na cluicheadaran as fhe\u00e0rr an taobh an Iar na Gaidhealtachd a th'ann an D\u00e0imh. Tha iad a' cur na f\u00e8ise a' dol le ce\u00f2l ionnstramaid agus le taic bhon t-seinneadair Sgitheanach, Anna Mh\u00e0rtainn.<p><small>Date: 11\/07\/00<br\/><\/small><small>Start Time: 20:00:00<br\/><\/small><small>Venue: Sabhal M\u00f2r Ostaig, TDC main hall<br\/><\/small><small>Audience Numbers: 145<br\/><\/small><small>Type: Music Traditional<br\/><\/small><\/p><\/div>\n","protected":false},"excerpt":{"rendered":"","protected":false},"author":1,"featured_media":0,"parent":0,"menu_order":0,"comment_status":"open","ping_status":"closed","template":"","meta":{"footnotes":""},"class_list":["post-529","page","type-page","status-publish","hentry","entry"],"_links":{"self":[{"href":"https:\/\/sleat.openvirtualworlds.org\/wordpress\/seall\/wp-json\/wp\/v2\/pages\/529","targetHints":{"allow":["GET"]}}],"collection":[{"href":"https:\/\/sleat.openvirtualworlds.org\/wordpress\/seall\/wp-json\/wp\/v2\/pages"}],"about":[{"href":"https:\/\/sleat.openvirtualworlds.org\/wordpress\/seall\/wp-json\/wp\/v2\/types\/page"}],"author":[{"embeddable":true,"href":"https:\/\/sleat.openvirtualworlds.org\/wordpress\/seall\/wp-json\/wp\/v2\/users\/1"}],"replies":[{"embeddable":true,"href":"https:\/\/sleat.openvirtualworlds.org\/wordpress\/seall\/wp-json\/wp\/v2\/comments?post=529"}],"version-history":[{"count":0,"href":"https:\/\/sleat.openvirtualworlds.org\/wordpress\/seall\/wp-json\/wp\/v2\/pages\/529\/revisions"}],"wp:attachment":[{"href":"https:\/\/sleat.openvirtualworlds.org\/wordpress\/seall\/wp-json\/wp\/v2\/media?parent=529"}],"curies":[{"name":"wp","href":"https:\/\/api.w.org\/{rel}","templated":true}]}}