 
 {"id":533,"date":"2019-03-19T10:34:09","date_gmt":"2019-03-19T10:34:09","guid":{"rendered":"http:\/\/straylight.cs.st-andrews.ac.uk\/sleat\/wordpress\/seall\/1693-2\/"},"modified":"2019-03-19T10:34:09","modified_gmt":"2019-03-19T10:34:09","slug":"1693-2","status":"publish","type":"page","link":"https:\/\/sleat.openvirtualworlds.org\/wordpress\/seall\/1693-2\/","title":{"rendered":"&#8216;Fras&#8217; Concert and C\u00e8ilidh Dance"},"content":{"rendered":"<div class=\"wporg-box\"><h2>&#039;Fras&#039; Concert and C\u00e8ilidh Dance<\/h2><img decoding=\"async\" src=\"https:\/\/sleat.openvirtualworlds.org\/omeka\/files\/original\/191\/1693\/SKMBT_C22018121019260.jpg\" \/>finish off a day of Gaelic activity at 'F\u00e8ill Gh\u00e0idhlig Sabhal M\u00f2r Ostaig' with a great concert and c\u00e8ilidh dance. \"Fras\" (coming from the G\u00e0idhlig for \"a shower\") are a fresh, dynamic Highland quintet playing West coast music with a unique flare and drive from accordion, guitar, bagpipes, banjo and flute. Formed in early 2014, Fras have been giving energetic and uninhibited performing at C\u00e8ilidhs, concerts and festivals across the Highlands. Angus Binnie from Cromarty on Pipes and whistles; Murdo (Yogi) Cameron from Glenelg on Guitar; Tam \u2018the Banjo\u2019 Kinsella from Arisaig, Kirsten MacLeod from Acharacle on accordion and Colin Masterton, Ballachullish\/Cumbernauld, on flutes and whistles.<p><small>Date: 23\/04\/16<br\/><\/small><small>Start Time: 20:00:00<br\/><\/small><small>Venue: Sabhal M\u00f2r Ostaig, An Talla Mh\u00f2r<br\/><\/small><small>Audience Numbers: 68<br\/><\/small><small>Type: Music Traditional<br\/><\/small><\/p><\/div>\n","protected":false},"excerpt":{"rendered":"","protected":false},"author":1,"featured_media":0,"parent":0,"menu_order":0,"comment_status":"open","ping_status":"closed","template":"","meta":{"footnotes":""},"class_list":["post-533","page","type-page","status-publish","hentry","entry"],"_links":{"self":[{"href":"https:\/\/sleat.openvirtualworlds.org\/wordpress\/seall\/wp-json\/wp\/v2\/pages\/533","targetHints":{"allow":["GET"]}}],"collection":[{"href":"https:\/\/sleat.openvirtualworlds.org\/wordpress\/seall\/wp-json\/wp\/v2\/pages"}],"about":[{"href":"https:\/\/sleat.openvirtualworlds.org\/wordpress\/seall\/wp-json\/wp\/v2\/types\/page"}],"author":[{"embeddable":true,"href":"https:\/\/sleat.openvirtualworlds.org\/wordpress\/seall\/wp-json\/wp\/v2\/users\/1"}],"replies":[{"embeddable":true,"href":"https:\/\/sleat.openvirtualworlds.org\/wordpress\/seall\/wp-json\/wp\/v2\/comments?post=533"}],"version-history":[{"count":0,"href":"https:\/\/sleat.openvirtualworlds.org\/wordpress\/seall\/wp-json\/wp\/v2\/pages\/533\/revisions"}],"wp:attachment":[{"href":"https:\/\/sleat.openvirtualworlds.org\/wordpress\/seall\/wp-json\/wp\/v2\/media?parent=533"}],"curies":[{"name":"wp","href":"https:\/\/api.w.org\/{rel}","templated":true}]}}