 
 {"id":591,"date":"2019-03-19T10:36:26","date_gmt":"2019-03-19T10:36:26","guid":{"rendered":"http:\/\/straylight.cs.st-andrews.ac.uk\/sleat\/wordpress\/seall\/718-2\/"},"modified":"2019-03-19T10:36:26","modified_gmt":"2019-03-19T10:36:26","slug":"718-2","status":"publish","type":"page","link":"https:\/\/sleat.openvirtualworlds.org\/wordpress\/seall\/718-2\/","title":{"rendered":"&#8216;Thig a Staigh&#8217; Anne Martin, Ingrid Henderson"},"content":{"rendered":"<div class=\"wporg-box\"><h2>&#039;Thig a Staigh&#039; Anne Martin, Ingrid Henderson<\/h2>Come on in to our C\u00e8ilidh in the real sense of the word \u2013 songs, stories and music in an informal atmosphere. Anne Martin, Gaelic singer from Trotternish in Skye, presents songs from her new CD with the harpist and keyboard player Ingrid Henderson. Ian Stephen will sail over from Lewis with some vivid English language stories from the Western Isles. \n\nSeo agaibh c\u00e8ilidh ceart \u2013 \u00f2rain, sgeulachdan agus ce\u00f2l ann an suidheachadh mi-fhoirmeil.  Bidh Anna Mh\u00e0rtainn \u00e0 Tr\u00f2dairnis a' seinn le taic air a\u2019 chlarsaich agus air meur-chl\u00e0ir bho Ingrid NicEanraig.  Bidh Iain Stephen a\u2019 se\u00f2ladh a-nall a Leodhas airson sgeulachdan dr\u00f9idhteach Eileanach innse (sa Bheurla).<p><small>Date: 19\/07\/00<br\/><\/small><small>Start Time: 20:00:00<br\/><\/small><small>Venue: Sabhal M\u00f2r Ostaig, TDC main hall<br\/><\/small><small>Audience Numbers: 75<br\/><\/small><small>Type: Music Traditional<br\/><\/small><\/p><\/div>\n","protected":false},"excerpt":{"rendered":"","protected":false},"author":1,"featured_media":0,"parent":0,"menu_order":0,"comment_status":"open","ping_status":"closed","template":"","meta":{"footnotes":""},"class_list":["post-591","page","type-page","status-publish","hentry","entry"],"_links":{"self":[{"href":"https:\/\/sleat.openvirtualworlds.org\/wordpress\/seall\/wp-json\/wp\/v2\/pages\/591","targetHints":{"allow":["GET"]}}],"collection":[{"href":"https:\/\/sleat.openvirtualworlds.org\/wordpress\/seall\/wp-json\/wp\/v2\/pages"}],"about":[{"href":"https:\/\/sleat.openvirtualworlds.org\/wordpress\/seall\/wp-json\/wp\/v2\/types\/page"}],"author":[{"embeddable":true,"href":"https:\/\/sleat.openvirtualworlds.org\/wordpress\/seall\/wp-json\/wp\/v2\/users\/1"}],"replies":[{"embeddable":true,"href":"https:\/\/sleat.openvirtualworlds.org\/wordpress\/seall\/wp-json\/wp\/v2\/comments?post=591"}],"version-history":[{"count":0,"href":"https:\/\/sleat.openvirtualworlds.org\/wordpress\/seall\/wp-json\/wp\/v2\/pages\/591\/revisions"}],"wp:attachment":[{"href":"https:\/\/sleat.openvirtualworlds.org\/wordpress\/seall\/wp-json\/wp\/v2\/media?parent=591"}],"curies":[{"name":"wp","href":"https:\/\/api.w.org\/{rel}","templated":true}]}}