 
 {"id":616,"date":"2019-03-19T10:37:23","date_gmt":"2019-03-19T10:37:23","guid":{"rendered":"http:\/\/straylight.cs.st-andrews.ac.uk\/sleat\/wordpress\/seall\/1653-2\/"},"modified":"2019-03-19T10:37:23","modified_gmt":"2019-03-19T10:37:23","slug":"1653-2","status":"publish","type":"page","link":"https:\/\/sleat.openvirtualworlds.org\/wordpress\/seall\/1653-2\/","title":{"rendered":"Alasdair Fraser&#8217;s Mammoth Fiddle"},"content":{"rendered":"<div class=\"wporg-box\"><h2>Alasdair Fraser&#039;s Mammoth Fiddle<\/h2><img decoding=\"async\" src=\"https:\/\/sleat.openvirtualworlds.org\/omeka\/files\/original\/241\/1653\/SKMBT_C22018121019361.jpg\" \/>Alasdair Fraser of Scotland and California celebrates 30 years of visiting Sleat each summer to lead his internationally famous Sabhal M\u00f2r Ostaig Fiddle Summer Schools. He wants tonight\u2019s concert to be an entertaining and fun extravaganza event for the course participants as well as the public. Last year he jammed in well over 100 fiddlers, 30 cellists and some soloists to entertain a full house of excited listeners. With a wealth of talented tutors, including one of the most sought-after traditional cellist Natalie Haas, alongside Seylan Baxter, Ciar\u00e1n \u00d3 Maonaigh, Caitl\u00edn Nic Gabhann, Louise Douglas, Sarah Naylor and other visiting musicians, who knows what might happen this year!<p><small>Date: 29\/07\/16<br\/><\/small><small>Start Time: 20:00:00<br\/><\/small><small>Venue: Sabhal M\u00f2r Ostaig, foyer<br\/><\/small><small>Audience Numbers: 185<br\/><\/small><small>Type: Music Traditional<br\/><\/small><\/p><\/div>\n","protected":false},"excerpt":{"rendered":"","protected":false},"author":1,"featured_media":0,"parent":0,"menu_order":0,"comment_status":"open","ping_status":"closed","template":"","meta":{"footnotes":""},"class_list":["post-616","page","type-page","status-publish","hentry","entry"],"_links":{"self":[{"href":"https:\/\/sleat.openvirtualworlds.org\/wordpress\/seall\/wp-json\/wp\/v2\/pages\/616","targetHints":{"allow":["GET"]}}],"collection":[{"href":"https:\/\/sleat.openvirtualworlds.org\/wordpress\/seall\/wp-json\/wp\/v2\/pages"}],"about":[{"href":"https:\/\/sleat.openvirtualworlds.org\/wordpress\/seall\/wp-json\/wp\/v2\/types\/page"}],"author":[{"embeddable":true,"href":"https:\/\/sleat.openvirtualworlds.org\/wordpress\/seall\/wp-json\/wp\/v2\/users\/1"}],"replies":[{"embeddable":true,"href":"https:\/\/sleat.openvirtualworlds.org\/wordpress\/seall\/wp-json\/wp\/v2\/comments?post=616"}],"version-history":[{"count":0,"href":"https:\/\/sleat.openvirtualworlds.org\/wordpress\/seall\/wp-json\/wp\/v2\/pages\/616\/revisions"}],"wp:attachment":[{"href":"https:\/\/sleat.openvirtualworlds.org\/wordpress\/seall\/wp-json\/wp\/v2\/media?parent=616"}],"curies":[{"name":"wp","href":"https:\/\/api.w.org\/{rel}","templated":true}]}}