 
 {"id":644,"date":"2019-03-19T10:38:28","date_gmt":"2019-03-19T10:38:28","guid":{"rendered":"http:\/\/straylight.cs.st-andrews.ac.uk\/sleat\/wordpress\/seall\/844-2\/"},"modified":"2019-03-19T10:38:28","modified_gmt":"2019-03-19T10:38:28","slug":"844-2","status":"publish","type":"page","link":"https:\/\/sleat.openvirtualworlds.org\/wordpress\/seall\/844-2\/","title":{"rendered":"Blas &#8211; &#8216;Meantime&#8217;"},"content":{"rendered":"<div class=\"wporg-box\"><h2>Blas - &#039;Meantime&#039;<\/h2><img decoding=\"async\" src=\"https:\/\/sleat.openvirtualworlds.org\/omeka\/files\/original\/217\/844\/SKMBT_C22018121015532.jpg\" \/>The new Highland wide 'Blas Festival' celebrates Highland Music for a week in September. Tonight's concert features 'Meantime' who are building a reputation as a young band with a powerful presence in Gaelic music, both vocal and instrumental. They are joined by 'Sgoil Chiuil na G\u00e0idhealtachd' from the National Centre of Excellence in Traditional Music in Plockton. The young Skye and Lochalsh 'C\u00e8ilidh Trailers' who were a highlight of the 2005 F\u00e8is an Eilein also perform..<p><small>Date: 03\/09\/05<br\/><\/small><small>Start Time: 7.30 pm<br\/><\/small><small>Venue: Sabhal M\u00f2r Ostaig, TDC main hall<br\/><\/small><small>Audience Numbers: 69<br\/><\/small><small>Type: Music Traditional<br\/><\/small><\/p><\/div>\n","protected":false},"excerpt":{"rendered":"","protected":false},"author":1,"featured_media":0,"parent":0,"menu_order":0,"comment_status":"open","ping_status":"closed","template":"","meta":{"footnotes":""},"class_list":["post-644","page","type-page","status-publish","hentry","entry"],"_links":{"self":[{"href":"https:\/\/sleat.openvirtualworlds.org\/wordpress\/seall\/wp-json\/wp\/v2\/pages\/644","targetHints":{"allow":["GET"]}}],"collection":[{"href":"https:\/\/sleat.openvirtualworlds.org\/wordpress\/seall\/wp-json\/wp\/v2\/pages"}],"about":[{"href":"https:\/\/sleat.openvirtualworlds.org\/wordpress\/seall\/wp-json\/wp\/v2\/types\/page"}],"author":[{"embeddable":true,"href":"https:\/\/sleat.openvirtualworlds.org\/wordpress\/seall\/wp-json\/wp\/v2\/users\/1"}],"replies":[{"embeddable":true,"href":"https:\/\/sleat.openvirtualworlds.org\/wordpress\/seall\/wp-json\/wp\/v2\/comments?post=644"}],"version-history":[{"count":0,"href":"https:\/\/sleat.openvirtualworlds.org\/wordpress\/seall\/wp-json\/wp\/v2\/pages\/644\/revisions"}],"wp:attachment":[{"href":"https:\/\/sleat.openvirtualworlds.org\/wordpress\/seall\/wp-json\/wp\/v2\/media?parent=644"}],"curies":[{"name":"wp","href":"https:\/\/api.w.org\/{rel}","templated":true}]}}