 
 {"id":899,"date":"2019-03-19T10:48:01","date_gmt":"2019-03-19T10:48:01","guid":{"rendered":"http:\/\/straylight.cs.st-andrews.ac.uk\/sleat\/wordpress\/seall\/2149-2\/"},"modified":"2019-03-19T10:48:01","modified_gmt":"2019-03-19T10:48:01","slug":"2149-2","status":"publish","type":"page","link":"https:\/\/sleat.openvirtualworlds.org\/wordpress\/seall\/2149-2\/","title":{"rendered":"Scottish &#8211; Irish Song C\u00e8ilidh &#8216;F\u00e8is an \u00d2ran&#8217;"},"content":{"rendered":"<div class=\"wporg-box\"><h2>Scottish - Irish Song C\u00e8ilidh &#039;F\u00e8is an \u00d2ran&#039;<\/h2><img decoding=\"async\" src=\"https:\/\/sleat.openvirtualworlds.org\/omeka\/files\/original\/191\/2149\/SKMBT_C22018121015191.jpg\" \/><p><small>Date: 22\/07\/04<br\/><\/small><small>Start Time: 20:00:00<br\/><\/small><small>Venue: Sabhal M\u00f2r Ostaig, An Talla Mh\u00f2r<br\/><\/small><small>Type: Music Traditional<br\/><\/small><\/p><\/div>\n","protected":false},"excerpt":{"rendered":"","protected":false},"author":1,"featured_media":0,"parent":0,"menu_order":0,"comment_status":"open","ping_status":"closed","template":"","meta":{"footnotes":""},"class_list":["post-899","page","type-page","status-publish","hentry","entry"],"_links":{"self":[{"href":"https:\/\/sleat.openvirtualworlds.org\/wordpress\/seall\/wp-json\/wp\/v2\/pages\/899","targetHints":{"allow":["GET"]}}],"collection":[{"href":"https:\/\/sleat.openvirtualworlds.org\/wordpress\/seall\/wp-json\/wp\/v2\/pages"}],"about":[{"href":"https:\/\/sleat.openvirtualworlds.org\/wordpress\/seall\/wp-json\/wp\/v2\/types\/page"}],"author":[{"embeddable":true,"href":"https:\/\/sleat.openvirtualworlds.org\/wordpress\/seall\/wp-json\/wp\/v2\/users\/1"}],"replies":[{"embeddable":true,"href":"https:\/\/sleat.openvirtualworlds.org\/wordpress\/seall\/wp-json\/wp\/v2\/comments?post=899"}],"version-history":[{"count":0,"href":"https:\/\/sleat.openvirtualworlds.org\/wordpress\/seall\/wp-json\/wp\/v2\/pages\/899\/revisions"}],"wp:attachment":[{"href":"https:\/\/sleat.openvirtualworlds.org\/wordpress\/seall\/wp-json\/wp\/v2\/media?parent=899"}],"curies":[{"name":"wp","href":"https:\/\/api.w.org\/{rel}","templated":true}]}}